{"id":992,"date":"2024-01-31T22:14:35","date_gmt":"2024-01-31T20:14:35","guid":{"rendered":"https:\/\/cprprovenances.eu\/?page_id=992"},"modified":"2024-02-02T20:35:51","modified_gmt":"2024-02-02T18:35:51","slug":"association","status":"publish","type":"page","link":"https:\/\/cprprovenances.eu\/index.php\/association\/","title":{"rendered":"Association"},"content":{"rendered":"\n<p>Vous d\u00e9sirez vous affilier&nbsp;au Collectif Pluridisciplinaire de Recherche de Provenances? Remplissez le formulaire ci-dessous et vous serez recontact\u00e9 par le bureau de l&rsquo;association. <\/p>\n\n\n\n<p>Devenir membre, c&rsquo;est contribuer activement \u00e0 la sensibilisation aux enjeux de tra\u00e7abilit\u00e9 des biens culturels. <\/p>\n\n\n\n<p><\/p>\n\n\n\n<h3 class=\"wp-block-heading\">Devenir membre <\/h3>\n\n\n\n<div class=\"wp-block-file\"><a id=\"wp-block-file--media-6c3dacd3-94b3-4fd7-94a8-53f5645109b7\" href=\"https:\/\/cprprovenances.eu\/wp-content\/uploads\/2024\/02\/CPRProvenances_Formulaire-adhesion.docx\" target=\"_blank\" rel=\"noreferrer noopener\">CPRProvenances_Formulaire d&rsquo;adh\u00e9sion<\/a><\/div>\n\n\n\n<p>L&rsquo;envoi de ce formulaire ne constitue en rien une inscription d\u00e9finitive. <\/p>\n\n\n\n<p><\/p>\n\n\n\n<h3 class=\"wp-block-heading\">Statuts de l&rsquo;association<\/h3>\n\n\n\n<div class=\"wp-block-file\"><a id=\"wp-block-file--media-009c9062-9190-45d0-9f52-4c276d2d7d0f\" href=\"https:\/\/cprprovenances.eu\/wp-content\/uploads\/2023\/11\/Statuts_nov2023.pdf\" target=\"_blank\" rel=\"noreferrer noopener\">Statuts_nov2023<\/a><\/div>\n","protected":false},"excerpt":{"rendered":"<p>Vous d\u00e9sirez vous affilier&nbsp;au Collectif Pluridisciplinaire de Recherche de Provenances? Remplissez le formulaire ci-dessous et vous serez recontact\u00e9 par le bureau de l&rsquo;association. Devenir membre, c&rsquo;est contribuer activement \u00e0 la [&hellip;]<\/p>\n","protected":false},"author":10,"featured_media":0,"parent":0,"menu_order":0,"comment_status":"closed","ping_status":"closed","template":"","meta":{"footnotes":""},"class_list":["post-992","page","type-page","status-publish","hentry"],"yoast_head":"<!-- This site is optimized with the Yoast SEO plugin v27.3 - https:\/\/yoast.com\/product\/yoast-seo-wordpress\/ -->\n<title>Association - CPRProvenances<\/title>\n<meta name=\"robots\" content=\"index, follow, max-snippet:-1, max-image-preview:large, max-video-preview:-1\" \/>\n<link rel=\"canonical\" href=\"https:\/\/cprprovenances.eu\/index.php\/association\/\" \/>\n<meta property=\"og:locale\" content=\"fr_FR\" \/>\n<meta property=\"og:type\" content=\"article\" \/>\n<meta property=\"og:title\" content=\"Association - CPRProvenances\" \/>\n<meta property=\"og:description\" content=\"Vous d\u00e9sirez vous affilier&nbsp;au Collectif Pluridisciplinaire de Recherche de Provenances? Remplissez le formulaire ci-dessous et vous serez recontact\u00e9 par le bureau de l&rsquo;association. Devenir membre, c&rsquo;est contribuer activement \u00e0 la [&hellip;]\" \/>\n<meta property=\"og:url\" content=\"https:\/\/cprprovenances.eu\/index.php\/association\/\" \/>\n<meta property=\"og:site_name\" content=\"CPRProvenances\" \/>\n<meta property=\"article:modified_time\" content=\"2024-02-02T18:35:51+00:00\" \/>\n<meta name=\"twitter:card\" content=\"summary_large_image\" \/>\n<script type=\"application\/ld+json\" class=\"yoast-schema-graph\">{\"@context\":\"https:\\\/\\\/schema.org\",\"@graph\":[{\"@type\":\"WebPage\",\"@id\":\"https:\\\/\\\/cprprovenances.eu\\\/index.php\\\/association\\\/\",\"url\":\"https:\\\/\\\/cprprovenances.eu\\\/index.php\\\/association\\\/\",\"name\":\"Association - CPRProvenances\",\"isPartOf\":{\"@id\":\"https:\\\/\\\/cprprovenances.eu\\\/#website\"},\"datePublished\":\"2024-01-31T20:14:35+00:00\",\"dateModified\":\"2024-02-02T18:35:51+00:00\",\"breadcrumb\":{\"@id\":\"https:\\\/\\\/cprprovenances.eu\\\/index.php\\\/association\\\/#breadcrumb\"},\"inLanguage\":\"fr-FR\",\"potentialAction\":[{\"@type\":\"ReadAction\",\"target\":[\"https:\\\/\\\/cprprovenances.eu\\\/index.php\\\/association\\\/\"]}]},{\"@type\":\"BreadcrumbList\",\"@id\":\"https:\\\/\\\/cprprovenances.eu\\\/index.php\\\/association\\\/#breadcrumb\",\"itemListElement\":[{\"@type\":\"ListItem\",\"position\":1,\"name\":\"Accueil\",\"item\":\"https:\\\/\\\/cprprovenances.eu\\\/\"},{\"@type\":\"ListItem\",\"position\":2,\"name\":\"Association\"}]},{\"@type\":\"WebSite\",\"@id\":\"https:\\\/\\\/cprprovenances.eu\\\/#website\",\"url\":\"https:\\\/\\\/cprprovenances.eu\\\/\",\"name\":\"CPRProvenances\",\"description\":\"Le blog du Collectif Pluridisciplinaire de Recherche de Provenances\",\"potentialAction\":[{\"@type\":\"SearchAction\",\"target\":{\"@type\":\"EntryPoint\",\"urlTemplate\":\"https:\\\/\\\/cprprovenances.eu\\\/?s={search_term_string}\"},\"query-input\":{\"@type\":\"PropertyValueSpecification\",\"valueRequired\":true,\"valueName\":\"search_term_string\"}}],\"inLanguage\":\"fr-FR\"}]}<\/script>\n<!-- \/ Yoast SEO plugin. -->","yoast_head_json":{"title":"Association - CPRProvenances","robots":{"index":"index","follow":"follow","max-snippet":"max-snippet:-1","max-image-preview":"max-image-preview:large","max-video-preview":"max-video-preview:-1"},"canonical":"https:\/\/cprprovenances.eu\/index.php\/association\/","og_locale":"fr_FR","og_type":"article","og_title":"Association - CPRProvenances","og_description":"Vous d\u00e9sirez vous affilier&nbsp;au Collectif Pluridisciplinaire de Recherche de Provenances? Remplissez le formulaire ci-dessous et vous serez recontact\u00e9 par le bureau de l&rsquo;association. Devenir membre, c&rsquo;est contribuer activement \u00e0 la [&hellip;]","og_url":"https:\/\/cprprovenances.eu\/index.php\/association\/","og_site_name":"CPRProvenances","article_modified_time":"2024-02-02T18:35:51+00:00","twitter_card":"summary_large_image","schema":{"@context":"https:\/\/schema.org","@graph":[{"@type":"WebPage","@id":"https:\/\/cprprovenances.eu\/index.php\/association\/","url":"https:\/\/cprprovenances.eu\/index.php\/association\/","name":"Association - CPRProvenances","isPartOf":{"@id":"https:\/\/cprprovenances.eu\/#website"},"datePublished":"2024-01-31T20:14:35+00:00","dateModified":"2024-02-02T18:35:51+00:00","breadcrumb":{"@id":"https:\/\/cprprovenances.eu\/index.php\/association\/#breadcrumb"},"inLanguage":"fr-FR","potentialAction":[{"@type":"ReadAction","target":["https:\/\/cprprovenances.eu\/index.php\/association\/"]}]},{"@type":"BreadcrumbList","@id":"https:\/\/cprprovenances.eu\/index.php\/association\/#breadcrumb","itemListElement":[{"@type":"ListItem","position":1,"name":"Accueil","item":"https:\/\/cprprovenances.eu\/"},{"@type":"ListItem","position":2,"name":"Association"}]},{"@type":"WebSite","@id":"https:\/\/cprprovenances.eu\/#website","url":"https:\/\/cprprovenances.eu\/","name":"CPRProvenances","description":"Le blog du Collectif Pluridisciplinaire de Recherche de Provenances","potentialAction":[{"@type":"SearchAction","target":{"@type":"EntryPoint","urlTemplate":"https:\/\/cprprovenances.eu\/?s={search_term_string}"},"query-input":{"@type":"PropertyValueSpecification","valueRequired":true,"valueName":"search_term_string"}}],"inLanguage":"fr-FR"}]}},"_links":{"self":[{"href":"https:\/\/cprprovenances.eu\/index.php\/wp-json\/wp\/v2\/pages\/992","targetHints":{"allow":["GET"]}}],"collection":[{"href":"https:\/\/cprprovenances.eu\/index.php\/wp-json\/wp\/v2\/pages"}],"about":[{"href":"https:\/\/cprprovenances.eu\/index.php\/wp-json\/wp\/v2\/types\/page"}],"author":[{"embeddable":true,"href":"https:\/\/cprprovenances.eu\/index.php\/wp-json\/wp\/v2\/users\/10"}],"replies":[{"embeddable":true,"href":"https:\/\/cprprovenances.eu\/index.php\/wp-json\/wp\/v2\/comments?post=992"}],"version-history":[{"count":13,"href":"https:\/\/cprprovenances.eu\/index.php\/wp-json\/wp\/v2\/pages\/992\/revisions"}],"predecessor-version":[{"id":1069,"href":"https:\/\/cprprovenances.eu\/index.php\/wp-json\/wp\/v2\/pages\/992\/revisions\/1069"}],"wp:attachment":[{"href":"https:\/\/cprprovenances.eu\/index.php\/wp-json\/wp\/v2\/media?parent=992"}],"curies":[{"name":"wp","href":"https:\/\/api.w.org\/{rel}","templated":true}]}}