{"id":608,"date":"2023-05-15T17:38:50","date_gmt":"2023-05-15T15:38:50","guid":{"rendered":"https:\/\/cprprovenances.eu\/?page_id=608"},"modified":"2023-05-15T17:38:50","modified_gmt":"2023-05-15T15:38:50","slug":"disclaimer","status":"publish","type":"page","link":"https:\/\/cprprovenances.eu\/index.php\/disclaimer\/","title":{"rendered":"Disclaimer"},"content":{"rendered":"\n<p><strong>Clause de non-responsabilit\u00e9<\/strong> (English version below)<\/p>\n\n\n\n<p>Le CPRP se d\u00e9charge de toute responsabilit\u00e9 en cas d&rsquo;erreur ou d&rsquo;omission dans le contenu de ce site web.&nbsp;<\/p>\n\n\n\n<p>Le contenu des articles, ainsi que les opinions et th\u00e9ories qui y sont exprim\u00e9es, rel\u00e8vent de la responsabilit\u00e9 de leurs auteurs. Ils ne sont pas syst\u00e9matiquement associ\u00e9s au CPRP et les id\u00e9es ainsi v\u00e9hicul\u00e9es ne refl\u00e8tent pas n\u00e9cessairement celles du CPRP, qui sont susceptibles d\u2019\u00e9voluer. De m\u00eame, les commentaires n\u2019engagent que leurs auteurs.<\/p>\n\n\n\n<p>Le contenu du site web, qui est mis \u00e0 disposition des lecteurs, l\u2019est strictement \u00e0 des fins de recherche et d&rsquo;\u00e9ducation et est limit\u00e9 \u00e0 l&rsquo;\u00e9change d\u2019informations et d\u2019opinions li\u00e9s \u00e0 la recherche de provenances.&nbsp;<\/p>\n\n\n\n<p>Les lecteurs sont avertis que le CPRP ne poss\u00e8de pas les droits d&rsquo;auteur des articles et autres publications pr\u00e9sentes sur le site web, qui sont publi\u00e9es sous licence Creative Commons<a href=\"https:\/\/creativecommons.org\/licenses\/by-nc-sa\/4.0\/deed.fr\"> <\/a><a href=\"https:\/\/creativecommons.org\/licenses\/by-nc-sa\/4.0\/deed.fr\" target=\"_blank\" rel=\"noreferrer noopener\">CC-BY-NC-SA-4.0<\/a>. Les articles et publications peuvent contenir des \u00e9l\u00e9ments prot\u00e9g\u00e9s eux-m\u00eames au titre de la propri\u00e9t\u00e9 intellectuelle. Les auteurs sont cens\u00e9s avoir fait tout leur possible pour obtenir l&rsquo;autorisation du d\u00e9tenteur du droit d&rsquo;auteur d\u2019utiliser ledit mat\u00e9riel et pour mentionner la source originale de mani\u00e8re appropri\u00e9e. Les articles pr\u00e9sents sur le blog sont examin\u00e9s par un comit\u00e9 \u00e9ditorial avant publication.<br><\/p>\n\n\n\n<p><strong>Disclaimer<\/strong><\/p>\n\n\n\n<p>The CPRP does not assume any responsibility or liability for any errors or omissions in the content of this site.&nbsp;<\/p>\n\n\n\n<p>The contents of the articles are the responsibility of their authors. Readers accept that the opinions and theories expressed in the articles and comments are solely the author&rsquo;s. Authors are not necessarily associated with the CPRP or its views, which may change as the CPRP evolves.&nbsp;<\/p>\n\n\n\n<p>The contents on the webpages are made available strictly for research and educational purposes, limited to the exchange of views pertaining to provenance research.&nbsp;<\/p>\n\n\n\n<p>Readers are aware that the CPRP does not own the copyrights to the essays,\u00a0 which are published under Creative Commons license <a href=\"https:\/\/creativecommons.org\/licenses\/by-nc-sa\/4.0\/deed.en\" data-type=\"URL\" data-id=\"https:\/\/creativecommons.org\/licenses\/by-nc-sa\/4.0\/deed.en\" target=\"_blank\" rel=\"noreferrer noopener\">CC-BY-NC-SA-4.0<\/a>. As regards copyrighted materials used in the essays, authors are expected to have made every attempt to obtain permissions clearance from the copyright holder and to have given appropriate credit to the original source.\u00a0<\/p>\n\n\n\n<p>The articles on this blog are submitted to an editorial committee before publication.<\/p>\n","protected":false},"excerpt":{"rendered":"<p>Clause de non-responsabilit\u00e9 (English version below) Le CPRP se d\u00e9charge de toute responsabilit\u00e9 en cas d&rsquo;erreur ou d&rsquo;omission dans le contenu de ce site web.&nbsp; Le contenu des articles, ainsi [&hellip;]<\/p>\n","protected":false},"author":1,"featured_media":0,"parent":0,"menu_order":0,"comment_status":"closed","ping_status":"closed","template":"","meta":{"footnotes":""},"class_list":["post-608","page","type-page","status-publish","hentry"],"yoast_head":"<!-- This site is optimized with the Yoast SEO plugin v27.3 - https:\/\/yoast.com\/product\/yoast-seo-wordpress\/ -->\n<title>Disclaimer - CPRProvenances<\/title>\n<meta name=\"robots\" content=\"index, follow, max-snippet:-1, max-image-preview:large, max-video-preview:-1\" \/>\n<link rel=\"canonical\" href=\"https:\/\/cprprovenances.eu\/index.php\/disclaimer\/\" \/>\n<meta property=\"og:locale\" content=\"fr_FR\" \/>\n<meta property=\"og:type\" content=\"article\" \/>\n<meta property=\"og:title\" content=\"Disclaimer - CPRProvenances\" \/>\n<meta property=\"og:description\" content=\"Clause de non-responsabilit\u00e9 (English version below) Le CPRP se d\u00e9charge de toute responsabilit\u00e9 en cas d&rsquo;erreur ou d&rsquo;omission dans le contenu de ce site web.&nbsp; Le contenu des articles, ainsi [&hellip;]\" \/>\n<meta property=\"og:url\" content=\"https:\/\/cprprovenances.eu\/index.php\/disclaimer\/\" \/>\n<meta property=\"og:site_name\" content=\"CPRProvenances\" \/>\n<meta name=\"twitter:card\" content=\"summary_large_image\" \/>\n<meta name=\"twitter:label1\" content=\"Dur\u00e9e de lecture estim\u00e9e\" \/>\n\t<meta name=\"twitter:data1\" content=\"2 minutes\" \/>\n<script type=\"application\/ld+json\" class=\"yoast-schema-graph\">{\"@context\":\"https:\\\/\\\/schema.org\",\"@graph\":[{\"@type\":\"WebPage\",\"@id\":\"https:\\\/\\\/cprprovenances.eu\\\/index.php\\\/disclaimer\\\/\",\"url\":\"https:\\\/\\\/cprprovenances.eu\\\/index.php\\\/disclaimer\\\/\",\"name\":\"Disclaimer - CPRProvenances\",\"isPartOf\":{\"@id\":\"https:\\\/\\\/cprprovenances.eu\\\/#website\"},\"datePublished\":\"2023-05-15T15:38:50+00:00\",\"breadcrumb\":{\"@id\":\"https:\\\/\\\/cprprovenances.eu\\\/index.php\\\/disclaimer\\\/#breadcrumb\"},\"inLanguage\":\"fr-FR\",\"potentialAction\":[{\"@type\":\"ReadAction\",\"target\":[\"https:\\\/\\\/cprprovenances.eu\\\/index.php\\\/disclaimer\\\/\"]}]},{\"@type\":\"BreadcrumbList\",\"@id\":\"https:\\\/\\\/cprprovenances.eu\\\/index.php\\\/disclaimer\\\/#breadcrumb\",\"itemListElement\":[{\"@type\":\"ListItem\",\"position\":1,\"name\":\"Accueil\",\"item\":\"https:\\\/\\\/cprprovenances.eu\\\/\"},{\"@type\":\"ListItem\",\"position\":2,\"name\":\"Disclaimer\"}]},{\"@type\":\"WebSite\",\"@id\":\"https:\\\/\\\/cprprovenances.eu\\\/#website\",\"url\":\"https:\\\/\\\/cprprovenances.eu\\\/\",\"name\":\"CPRProvenances\",\"description\":\"Le blog du Collectif Pluridisciplinaire de Recherche de Provenances\",\"potentialAction\":[{\"@type\":\"SearchAction\",\"target\":{\"@type\":\"EntryPoint\",\"urlTemplate\":\"https:\\\/\\\/cprprovenances.eu\\\/?s={search_term_string}\"},\"query-input\":{\"@type\":\"PropertyValueSpecification\",\"valueRequired\":true,\"valueName\":\"search_term_string\"}}],\"inLanguage\":\"fr-FR\"}]}<\/script>\n<!-- \/ Yoast SEO plugin. -->","yoast_head_json":{"title":"Disclaimer - CPRProvenances","robots":{"index":"index","follow":"follow","max-snippet":"max-snippet:-1","max-image-preview":"max-image-preview:large","max-video-preview":"max-video-preview:-1"},"canonical":"https:\/\/cprprovenances.eu\/index.php\/disclaimer\/","og_locale":"fr_FR","og_type":"article","og_title":"Disclaimer - CPRProvenances","og_description":"Clause de non-responsabilit\u00e9 (English version below) Le CPRP se d\u00e9charge de toute responsabilit\u00e9 en cas d&rsquo;erreur ou d&rsquo;omission dans le contenu de ce site web.&nbsp; Le contenu des articles, ainsi [&hellip;]","og_url":"https:\/\/cprprovenances.eu\/index.php\/disclaimer\/","og_site_name":"CPRProvenances","twitter_card":"summary_large_image","twitter_misc":{"Dur\u00e9e de lecture estim\u00e9e":"2 minutes"},"schema":{"@context":"https:\/\/schema.org","@graph":[{"@type":"WebPage","@id":"https:\/\/cprprovenances.eu\/index.php\/disclaimer\/","url":"https:\/\/cprprovenances.eu\/index.php\/disclaimer\/","name":"Disclaimer - CPRProvenances","isPartOf":{"@id":"https:\/\/cprprovenances.eu\/#website"},"datePublished":"2023-05-15T15:38:50+00:00","breadcrumb":{"@id":"https:\/\/cprprovenances.eu\/index.php\/disclaimer\/#breadcrumb"},"inLanguage":"fr-FR","potentialAction":[{"@type":"ReadAction","target":["https:\/\/cprprovenances.eu\/index.php\/disclaimer\/"]}]},{"@type":"BreadcrumbList","@id":"https:\/\/cprprovenances.eu\/index.php\/disclaimer\/#breadcrumb","itemListElement":[{"@type":"ListItem","position":1,"name":"Accueil","item":"https:\/\/cprprovenances.eu\/"},{"@type":"ListItem","position":2,"name":"Disclaimer"}]},{"@type":"WebSite","@id":"https:\/\/cprprovenances.eu\/#website","url":"https:\/\/cprprovenances.eu\/","name":"CPRProvenances","description":"Le blog du Collectif Pluridisciplinaire de Recherche de Provenances","potentialAction":[{"@type":"SearchAction","target":{"@type":"EntryPoint","urlTemplate":"https:\/\/cprprovenances.eu\/?s={search_term_string}"},"query-input":{"@type":"PropertyValueSpecification","valueRequired":true,"valueName":"search_term_string"}}],"inLanguage":"fr-FR"}]}},"_links":{"self":[{"href":"https:\/\/cprprovenances.eu\/index.php\/wp-json\/wp\/v2\/pages\/608","targetHints":{"allow":["GET"]}}],"collection":[{"href":"https:\/\/cprprovenances.eu\/index.php\/wp-json\/wp\/v2\/pages"}],"about":[{"href":"https:\/\/cprprovenances.eu\/index.php\/wp-json\/wp\/v2\/types\/page"}],"author":[{"embeddable":true,"href":"https:\/\/cprprovenances.eu\/index.php\/wp-json\/wp\/v2\/users\/1"}],"replies":[{"embeddable":true,"href":"https:\/\/cprprovenances.eu\/index.php\/wp-json\/wp\/v2\/comments?post=608"}],"version-history":[{"count":4,"href":"https:\/\/cprprovenances.eu\/index.php\/wp-json\/wp\/v2\/pages\/608\/revisions"}],"predecessor-version":[{"id":620,"href":"https:\/\/cprprovenances.eu\/index.php\/wp-json\/wp\/v2\/pages\/608\/revisions\/620"}],"wp:attachment":[{"href":"https:\/\/cprprovenances.eu\/index.php\/wp-json\/wp\/v2\/media?parent=608"}],"curies":[{"name":"wp","href":"https:\/\/api.w.org\/{rel}","templated":true}]}}