{"id":12,"date":"2023-04-05T11:45:05","date_gmt":"2023-04-05T11:45:05","guid":{"rendered":"http:\/\/cprprovenances.eu\/?page_id=12"},"modified":"2024-01-31T19:29:56","modified_gmt":"2024-01-31T17:29:56","slug":"a-propos","status":"publish","type":"page","link":"https:\/\/cprprovenances.eu\/","title":{"rendered":"A propos"},"content":{"rendered":"\n<p><strong><em>Pr\u00e9sentation du collectif<\/em><\/strong> (English version below)<\/p>\n\n\n\n<p>Le Collectif pluridisciplinaire de recherche de provenances (CPRProvenances) a \u00e9t\u00e9 fond\u00e9 en 2023 \u00e0 l\u2019initiative d\u2019un groupe de chercheurs de provenances, issus de la m\u00eame formation acad\u00e9mique. Historiens, conservateurs, arch\u00e9ologues ou juristes de formation, leurs sp\u00e9cialit\u00e9s font la richesse de ce collectif qui compte des chercheurs sp\u00e9cialis\u00e9s sur diff\u00e9rentes p\u00e9riodes (Seconde Guerre mondiale, p\u00e9riode coloniale, conflits contemporains) et diff\u00e9rentes r\u00e9gions.<\/p>\n\n\n\n<p>Le Collectif pluridisciplinaire de recherche de provenances a pour but de sensibiliser aux enjeux de tra\u00e7abilit\u00e9 des biens culturels. Une provenance claire et \u00e9tablie permet une meilleure connaissance des collections mus\u00e9ales, participe du bon fonctionnement du march\u00e9 de l\u2019art et est indispensable pour lutter efficacement contre le trafic de biens culturels. La cr\u00e9ation du CPRProvenances a \u00e9galement pour ambition de faciliter l\u2019identification de chercheurs de provenance comp\u00e9tents par les professionnels du march\u00e9 de l\u2019art et les mus\u00e9es, qui auraient besoin de leur intervention.<\/p>\n\n\n\n<p>Les membres fondateurs du CPRProvenances sont laur\u00e9ats du DU Recherche de provenance des \u0153uvres de l\u2019universit\u00e9 Paris Nanterre, et issus de sa premi\u00e8re promotion : la promotion Rose Valland. Rose Valland \u00e9tait attach\u00e9e de conservation au Jeu de Paume pendant la Seconde Guerre mondiale. Gr\u00e2ce \u00e0 elle, nombre d\u2019\u0153uvres et objets spoli\u00e9s par les Nazis ont pu \u00eatre restitu\u00e9s apr\u00e8s guerre. Son d\u00e9vouement est une v\u00e9ritable source d\u2019inspiration pour tous les chercheurs, quelles que soient leurs sp\u00e9cialit\u00e9s.<\/p>\n\n\n\n<p>Par ce blog, le collectif entend proposer des articles sur les recherches men\u00e9es par ses membres, sur l\u2019actualit\u00e9 de la recherche de provenance, mais \u00e9galement de rassembler les outils et ressources afin d\u2019entamer des recherches. Le collectif esp\u00e8re f\u00e9d\u00e9rer autour de cet espace les chercheurs de provenance actifs en France et \u00e0 l\u2019\u00e9tranger, afin d\u2019animer un r\u00e9seau et cr\u00e9er un lieu d\u2019\u00e9change.&nbsp;<\/p>\n\n\n\n<p><em><strong>Pr\u00e9sentation <\/strong><\/em><strong><em>de la formation<\/em><\/strong><\/p>\n\n\n\n<p>Le DU \u201cRecherche de provenances des \u0153uvres&nbsp;: circulations, spoliations, trafics illicites et restitutions\u201d a \u00e9t\u00e9 cr\u00e9\u00e9 en 2022 au sein de l\u2019universit\u00e9 Paris Nanterre. Premi\u00e8re formation de la sorte en France, il est un jalon dans la reconnaissance de la recherche de provenance comme \u00e9tant une v\u00e9ritable discipline. Construit autour de la question de la circulation illicite ou ill\u00e9gitime des biens culturels, le DU propose une formation en histoire, histoire de l\u2019art et droit : m\u00e9thodologie de la recherche, analyse mat\u00e9rielle des biens culturels, histoire des collections, droit du patrimoine autour du statut, de la circulation, protection des biens culturels\u2026&nbsp; S\u2019adressant autant \u00e0 de jeunes dipl\u00f4m\u00e9s qu\u2019\u00e0 des professionnels, la promotion comprend une vingtaine d\u2019\u00e9tudiants chaque ann\u00e9e. Bien que principalement implant\u00e9e en France par son rattachement \u00e0 l\u2019universit\u00e9 Paris Nanterre, cette formation se veut internationale. La premi\u00e8re formation a ainsi \u00e9t\u00e9 constitu\u00e9e par des \u00e9tudiants fran\u00e7ais, belges, suisses, camerounais, comoriens, gabonais et b\u00e9ninois.&nbsp;<\/p>\n\n\n\n<h2 class=\"wp-block-heading\"><strong>About the collective<\/strong><\/h2>\n\n\n\n<p>The Multidisciplinary Provenance Research Collective (CPRProvenances) was founded in 2023 by a group of provenance researchers with a shared academic background. As historians, curators, archaeologists and lawyers coming from various sectors and specialized in a wide range of regions and periods (Second World War, colonial collections, contemporary conflicts\u2026), they bring diverse perspectives.<\/p>\n\n\n\n<p>The goal of this multidisciplinary group is to raise awareness of the importance of traceability of cultural heritage. A clear and documented provenance allows a better knowledge of museum collections, contributes to the proper functioning of the art market, and is essential in the fight against the illicit trafficking of cultural property. The creation of the CPRProvenances also aims to help professionals from the art market and from museums with the identification of qualified provenance researchers.<\/p>\n\n\n\n<p>The founding members of the CPRProvenances are the first generation of graduates of the Master degree in provenance research from the University of Paris Nanterre. The class of 2022 named themselves after Rose Valland, honouring the art historian who was conservation associate at the <em>Jeu de Paume<\/em> during the German Occupation of France. Thanks to her efforts, many objects and works of art that had been looted by the Nazis could be traced and returned after the war. Her dedication continues to be a source of inspiration for provenance researchers whatever their field of expertise.<\/p>\n\n\n\n<p>Through this blog, the collective intends to offer articles on the research carried out by its members and on recent developments in provenance research. It also gathers useful research tools and resources. The collective hopes to unite provenance researchers active in France and abroad, and to stimulate networking and a dynamic flow of information.<\/p>\n\n\n\n<p><strong><em>The Master programme at Nanterre <\/em><\/strong><\/p>\n\n\n\n<p>The interdisciplinary university degree \u201c<em>Recherche de provenances des \u0153uvres&nbsp;: circulations, spoliations, trafics illicites et restitutions<\/em>\u201d was created in 2021-2022 at the University of Paris Nanterre. As the first academic programme of its kind in France, it is a milestone in the recognition of provenance research as a scholarly discipline. The curriculum is built around the question of the illegal or illicit circulation of cultural property and offers training in history, art history and law: research methodology, material analysis of movable heritage, history of collections, heritage law on the status and protection of cultural property&#8230; Aimed at both recent graduates and professionals, this Master programme has around twenty graduates each year. Both the speakers and the students are international even though the programme is mainly established in France through its connection to the University of Paris Nanterre. During its first year, students from France, Belgium, Switzerland, Benin, Cameroon, Gabon, and the Comoro Islands had enrolled.<\/p>\n\n\n\n<div style=\"height:45px\" aria-hidden=\"true\" class=\"wp-block-spacer\"><\/div>\n\n\n\n<p class=\"has-medium-font-size\"><strong><em>Derniers articles publi\u00e9s<\/em><\/strong><\/p>\n\n\n<ul class=\"wp-block-latest-posts__list has-author wp-block-latest-posts has-background has-white-background-color\"><li><a class=\"wp-block-latest-posts__post-title\" href=\"https:\/\/cprprovenances.eu\/index.php\/2026\/01\/18\/atelier-international-le-cadre-juridique-belge-de-la-restitution-des-biens-spolies-pendant-la-seconde-guerre-mondiale\/\">Atelier international \u2013 Le cadre juridique belge de la restitution des biens spoli\u00e9s pendant la Seconde Guerre mondiale<\/a><div class=\"wp-block-latest-posts__post-author\">par Julie Toussaint<\/div><\/li>\n<li><a class=\"wp-block-latest-posts__post-title\" href=\"https:\/\/cprprovenances.eu\/index.php\/2025\/12\/19\/le-marche-de-lart-chinois-durant-la-seconde-moitie-du-xixe-siecle\/\">De la conqu\u00eate au go\u00fbt : Le march\u00e9 de l\u2019art chinois durant la seconde moiti\u00e9 du XIXe si\u00e8cle<\/a><div class=\"wp-block-latest-posts__post-author\">par CPRProvenances<\/div><\/li>\n<li><a class=\"wp-block-latest-posts__post-title\" href=\"https:\/\/cprprovenances.eu\/index.php\/2025\/11\/29\/la-remise-des-prix-marcel-wormser-2025\/\">La remise des Prix Marcel Wormser\u00a02025<\/a><div class=\"wp-block-latest-posts__post-author\">par CPRProvenances<\/div><\/li>\n<li><a class=\"wp-block-latest-posts__post-title\" href=\"https:\/\/cprprovenances.eu\/index.php\/2025\/10\/31\/provenance-et-restitution-des-oeuvres-a-lepreuve-du-public-du-musee-du-quai-branly-jacques-chirac\/\">Provenance et restitution des \u0153uvres \u00e0 l\u2019\u00e9preuve du public du mus\u00e9e du Quai Branly \u2013 Jacques Chirac\u00a0<\/a><div class=\"wp-block-latest-posts__post-author\">par Marie-Anne L\u00e9ourier<\/div><\/li>\n<li><a class=\"wp-block-latest-posts__post-title\" href=\"https:\/\/cprprovenances.eu\/index.php\/2025\/09\/12\/de-la-bulgarie-a-lespagne-en-passant-par-la-france-le-voyage-du-cavalier-thrace-et-de-lantiquaire-epris-dalexandre\/\">De la Bulgarie \u00e0 l\u2019Espagne en passant par la France. Le voyage du \u00ab\u00a0Cavalier thrace\u00a0\u00bb et de l\u2019antiquaire \u00e9pris d\u2019Alexandre<\/a><div class=\"wp-block-latest-posts__post-author\">par CPRProvenances<\/div><\/li>\n<\/ul>\n\n\n<p><\/p>\n","protected":false},"excerpt":{"rendered":"<p>Pr\u00e9sentation du collectif (English version below) Le Collectif pluridisciplinaire de recherche de provenances (CPRProvenances) a \u00e9t\u00e9 fond\u00e9 en 2023 \u00e0 l\u2019initiative d\u2019un groupe de chercheurs de provenances, issus de la [&hellip;]<\/p>\n","protected":false},"author":10,"featured_media":0,"parent":0,"menu_order":0,"comment_status":"closed","ping_status":"closed","template":"","meta":{"footnotes":""},"class_list":["post-12","page","type-page","status-publish","hentry"],"yoast_head":"<!-- This site is optimized with the Yoast SEO plugin v27.3 - https:\/\/yoast.com\/product\/yoast-seo-wordpress\/ -->\n<title>A propos - CPRProvenances<\/title>\n<meta name=\"robots\" content=\"index, follow, max-snippet:-1, max-image-preview:large, max-video-preview:-1\" \/>\n<link rel=\"canonical\" href=\"https:\/\/cprprovenances.eu\/\" \/>\n<meta property=\"og:locale\" content=\"fr_FR\" \/>\n<meta property=\"og:type\" content=\"article\" \/>\n<meta property=\"og:title\" content=\"A propos - CPRProvenances\" \/>\n<meta property=\"og:description\" content=\"Pr\u00e9sentation du collectif (English version below) Le Collectif pluridisciplinaire de recherche de provenances (CPRProvenances) a \u00e9t\u00e9 fond\u00e9 en 2023 \u00e0 l\u2019initiative d\u2019un groupe de chercheurs de provenances, issus de la [&hellip;]\" \/>\n<meta property=\"og:url\" content=\"https:\/\/cprprovenances.eu\/\" \/>\n<meta property=\"og:site_name\" content=\"CPRProvenances\" \/>\n<meta property=\"article:modified_time\" content=\"2024-01-31T17:29:56+00:00\" \/>\n<meta name=\"twitter:card\" content=\"summary_large_image\" \/>\n<meta name=\"twitter:label1\" content=\"Dur\u00e9e de lecture estim\u00e9e\" \/>\n\t<meta name=\"twitter:data1\" content=\"5 minutes\" \/>\n<script type=\"application\/ld+json\" class=\"yoast-schema-graph\">{\"@context\":\"https:\\\/\\\/schema.org\",\"@graph\":[{\"@type\":\"WebPage\",\"@id\":\"https:\\\/\\\/cprprovenances.eu\\\/\",\"url\":\"https:\\\/\\\/cprprovenances.eu\\\/\",\"name\":\"A propos - CPRProvenances\",\"isPartOf\":{\"@id\":\"https:\\\/\\\/cprprovenances.eu\\\/#website\"},\"datePublished\":\"2023-04-05T11:45:05+00:00\",\"dateModified\":\"2024-01-31T17:29:56+00:00\",\"breadcrumb\":{\"@id\":\"https:\\\/\\\/cprprovenances.eu\\\/#breadcrumb\"},\"inLanguage\":\"fr-FR\",\"potentialAction\":[{\"@type\":\"ReadAction\",\"target\":[\"https:\\\/\\\/cprprovenances.eu\\\/\"]}]},{\"@type\":\"BreadcrumbList\",\"@id\":\"https:\\\/\\\/cprprovenances.eu\\\/#breadcrumb\",\"itemListElement\":[{\"@type\":\"ListItem\",\"position\":1,\"name\":\"Accueil\",\"item\":\"https:\\\/\\\/cprprovenances.eu\\\/\"},{\"@type\":\"ListItem\",\"position\":2,\"name\":\"A propos\"}]},{\"@type\":\"WebSite\",\"@id\":\"https:\\\/\\\/cprprovenances.eu\\\/#website\",\"url\":\"https:\\\/\\\/cprprovenances.eu\\\/\",\"name\":\"CPRProvenances\",\"description\":\"Le blog du Collectif Pluridisciplinaire de Recherche de Provenances\",\"potentialAction\":[{\"@type\":\"SearchAction\",\"target\":{\"@type\":\"EntryPoint\",\"urlTemplate\":\"https:\\\/\\\/cprprovenances.eu\\\/?s={search_term_string}\"},\"query-input\":{\"@type\":\"PropertyValueSpecification\",\"valueRequired\":true,\"valueName\":\"search_term_string\"}}],\"inLanguage\":\"fr-FR\"}]}<\/script>\n<!-- \/ Yoast SEO plugin. -->","yoast_head_json":{"title":"A propos - CPRProvenances","robots":{"index":"index","follow":"follow","max-snippet":"max-snippet:-1","max-image-preview":"max-image-preview:large","max-video-preview":"max-video-preview:-1"},"canonical":"https:\/\/cprprovenances.eu\/","og_locale":"fr_FR","og_type":"article","og_title":"A propos - CPRProvenances","og_description":"Pr\u00e9sentation du collectif (English version below) Le Collectif pluridisciplinaire de recherche de provenances (CPRProvenances) a \u00e9t\u00e9 fond\u00e9 en 2023 \u00e0 l\u2019initiative d\u2019un groupe de chercheurs de provenances, issus de la [&hellip;]","og_url":"https:\/\/cprprovenances.eu\/","og_site_name":"CPRProvenances","article_modified_time":"2024-01-31T17:29:56+00:00","twitter_card":"summary_large_image","twitter_misc":{"Dur\u00e9e de lecture estim\u00e9e":"5 minutes"},"schema":{"@context":"https:\/\/schema.org","@graph":[{"@type":"WebPage","@id":"https:\/\/cprprovenances.eu\/","url":"https:\/\/cprprovenances.eu\/","name":"A propos - CPRProvenances","isPartOf":{"@id":"https:\/\/cprprovenances.eu\/#website"},"datePublished":"2023-04-05T11:45:05+00:00","dateModified":"2024-01-31T17:29:56+00:00","breadcrumb":{"@id":"https:\/\/cprprovenances.eu\/#breadcrumb"},"inLanguage":"fr-FR","potentialAction":[{"@type":"ReadAction","target":["https:\/\/cprprovenances.eu\/"]}]},{"@type":"BreadcrumbList","@id":"https:\/\/cprprovenances.eu\/#breadcrumb","itemListElement":[{"@type":"ListItem","position":1,"name":"Accueil","item":"https:\/\/cprprovenances.eu\/"},{"@type":"ListItem","position":2,"name":"A propos"}]},{"@type":"WebSite","@id":"https:\/\/cprprovenances.eu\/#website","url":"https:\/\/cprprovenances.eu\/","name":"CPRProvenances","description":"Le blog du Collectif Pluridisciplinaire de Recherche de Provenances","potentialAction":[{"@type":"SearchAction","target":{"@type":"EntryPoint","urlTemplate":"https:\/\/cprprovenances.eu\/?s={search_term_string}"},"query-input":{"@type":"PropertyValueSpecification","valueRequired":true,"valueName":"search_term_string"}}],"inLanguage":"fr-FR"}]}},"_links":{"self":[{"href":"https:\/\/cprprovenances.eu\/index.php\/wp-json\/wp\/v2\/pages\/12","targetHints":{"allow":["GET"]}}],"collection":[{"href":"https:\/\/cprprovenances.eu\/index.php\/wp-json\/wp\/v2\/pages"}],"about":[{"href":"https:\/\/cprprovenances.eu\/index.php\/wp-json\/wp\/v2\/types\/page"}],"author":[{"embeddable":true,"href":"https:\/\/cprprovenances.eu\/index.php\/wp-json\/wp\/v2\/users\/10"}],"replies":[{"embeddable":true,"href":"https:\/\/cprprovenances.eu\/index.php\/wp-json\/wp\/v2\/comments?post=12"}],"version-history":[{"count":27,"href":"https:\/\/cprprovenances.eu\/index.php\/wp-json\/wp\/v2\/pages\/12\/revisions"}],"predecessor-version":[{"id":782,"href":"https:\/\/cprprovenances.eu\/index.php\/wp-json\/wp\/v2\/pages\/12\/revisions\/782"}],"wp:attachment":[{"href":"https:\/\/cprprovenances.eu\/index.php\/wp-json\/wp\/v2\/media?parent=12"}],"curies":[{"name":"wp","href":"https:\/\/api.w.org\/{rel}","templated":true}]}}